{"id":1348,"date":"2020-09-22T13:13:41","date_gmt":"2020-09-22T13:13:41","guid":{"rendered":"https:\/\/www.e-bulb.com\/?page_id=1348"},"modified":"2025-05-07T09:09:39","modified_gmt":"2025-05-07T09:09:39","slug":"home","status":"publish","type":"page","link":"https:\/\/www.e-bulb.com\/en\/","title":{"rendered":"Home"},"content":{"rendered":"<div data-elementor-type=\"wp-page\" data-elementor-id=\"1348\" class=\"elementor elementor-1348\" data-elementor-post-type=\"page\">\n\t\t\t\t\t\t<section class=\"has_eae_slider elementor-section elementor-top-section elementor-element elementor-element-8d93792 elementor-section-boxed elementor-section-height-default elementor-section-height-default\" data-eae-slider=\"52437\" data-id=\"8d93792\" data-element_type=\"section\" data-e-type=\"section\">\n\t\t\t\t\t\t<div class=\"elementor-container elementor-column-gap-default\">\n\t\t\t\t\t<div class=\"has_eae_slider elementor-column elementor-col-100 elementor-top-column elementor-element elementor-element-0bf8a30\" data-eae-slider=\"93896\" data-id=\"0bf8a30\" data-element_type=\"column\" data-e-type=\"column\">\n\t\t\t<div class=\"elementor-widget-wrap elementor-element-populated\">\n\t\t\t\t\t\t<div class=\"elementor-element elementor-element-0ba2ee4 elementor-widget elementor-widget-heading\" data-id=\"0ba2ee4\" data-element_type=\"widget\" data-e-type=\"widget\" data-widget_type=\"heading.default\">\n\t\t\t\t<div class=\"elementor-widget-container\">\n\t\t\t\t\t<h1 class=\"elementor-heading-title elementor-size-default\">E-Bulb<br>the smallest fire extinguisher in the world<\/h1>\t\t\t\t<\/div>\n\t\t\t\t<\/div>\n\t\t\t\t<div class=\"elementor-element elementor-element-2c8f3dc elementor-widget elementor-widget-heading\" data-id=\"2c8f3dc\" data-element_type=\"widget\" data-e-type=\"widget\" data-widget_type=\"heading.default\">\n\t\t\t\t<div class=\"elementor-widget-container\">\n\t\t\t\t\t<h2 class=\"elementor-heading-title elementor-size-default translation-block\">About 30% of all fires are caused by electricity, many of them in electrical appliances. The E-Bulb can be installed directly into the electronics by manufacturers and protects your electronics from damage.<\/h2>\t\t\t\t<\/div>\n\t\t\t\t<\/div>\n\t\t\t\t<div class=\"elementor-element elementor-element-4b7d02a elementor-widget elementor-widget-heading\" data-id=\"4b7d02a\" data-element_type=\"widget\" data-e-type=\"widget\" data-widget_type=\"heading.default\">\n\t\t\t\t<div class=\"elementor-widget-container\">\n\t\t\t\t\t<h2 class=\"elementor-heading-title elementor-size-default\">What is the E-Bulb?<\/h2>\t\t\t\t<\/div>\n\t\t\t\t<\/div>\n\t\t\t\t<div class=\"elementor-element elementor-element-0716ff2 elementor-widget elementor-widget-heading\" data-id=\"0716ff2\" data-element_type=\"widget\" data-e-type=\"widget\" data-widget_type=\"heading.default\">\n\t\t\t\t<div class=\"elementor-widget-container\">\n\t\t\t\t\t<p class=\"elementor-heading-title elementor-size-default\">The E-Bulb is a fire-extinguishing fuse and can be installed directly in the electronics. Once installed, it protects against fire and consequential damage when it would actually already be too late. The E-Bulb belongs to the area of equipment-integrated and preventive fire protection. If you would like to learn more, please visit the appropriate page:<\/p>\t\t\t\t<\/div>\n\t\t\t\t<\/div>\n\t\t\t\t<section class=\"has_eae_slider elementor-section elementor-inner-section elementor-element elementor-element-5b892c7 elementor-section-boxed elementor-section-height-default elementor-section-height-default\" data-eae-slider=\"28521\" data-id=\"5b892c7\" data-element_type=\"section\" data-e-type=\"section\">\n\t\t\t\t\t\t<div class=\"elementor-container elementor-column-gap-default\">\n\t\t\t\t\t<div data-wts-url=\"https:\/\/www.e-bulb.com\/business\" data-wts-link=\"yes\" data-wts-new-window=\"\" class=\"has_eae_slider elementor-column elementor-col-33 elementor-inner-column elementor-element elementor-element-46077a7 ae-link-yes\" data-eae-slider=\"95261\" data-id=\"46077a7\" data-element_type=\"column\" data-e-type=\"column\">\n\t\t\t<div class=\"elementor-widget-wrap elementor-element-populated\">\n\t\t\t\t\t\t<div class=\"elementor-element elementor-element-9dc80fb elementor-hidden-desktop elementor-hidden-tablet elementor-widget elementor-widget-image\" data-id=\"9dc80fb\" data-element_type=\"widget\" data-e-type=\"widget\" data-widget_type=\"image.default\">\n\t\t\t\t<div class=\"elementor-widget-container\">\n\t\t\t\t\t\t\t\t\t\t\t\t\t\t\t<img fetchpriority=\"high\" decoding=\"async\" width=\"800\" height=\"580\" src=\"https:\/\/www.e-bulb.com\/wp-content\/uploads\/2021\/03\/E-Bulbs-Portfolio-1024x743.png\" class=\"attachment-large size-large wp-image-1765\" alt=\"Gro\u00dfe und kleine E-Bulbs\" srcset=\"https:\/\/www.e-bulb.com\/wp-content\/uploads\/2021\/03\/E-Bulbs-Portfolio-1024x743.png 1024w, https:\/\/www.e-bulb.com\/wp-content\/uploads\/2021\/03\/E-Bulbs-Portfolio-300x218.png 300w, https:\/\/www.e-bulb.com\/wp-content\/uploads\/2021\/03\/E-Bulbs-Portfolio-768x557.png 768w, https:\/\/www.e-bulb.com\/wp-content\/uploads\/2021\/03\/E-Bulbs-Portfolio-1536x1114.png 1536w, https:\/\/www.e-bulb.com\/wp-content\/uploads\/2021\/03\/E-Bulbs-Portfolio-16x12.png 16w, https:\/\/www.e-bulb.com\/wp-content\/uploads\/2021\/03\/E-Bulbs-Portfolio.png 1810w\" sizes=\"(max-width: 800px) 100vw, 800px\" \/>\t\t\t\t\t\t\t\t\t\t\t\t\t\t\t<\/div>\n\t\t\t\t<\/div>\n\t\t\t\t<div class=\"elementor-element elementor-element-9dd2b7e elementor-widget elementor-widget-heading\" data-id=\"9dd2b7e\" data-element_type=\"widget\" data-e-type=\"widget\" data-widget_type=\"heading.default\">\n\t\t\t\t<div class=\"elementor-widget-container\">\n\t\t\t\t\t<h2 class=\"elementor-heading-title elementor-size-default\">B2B \u2013 Professional Interest<\/h2>\t\t\t\t<\/div>\n\t\t\t\t<\/div>\n\t\t\t\t<div class=\"elementor-element elementor-element-0da8ebd elementor-align-center animated-fast elementor-invisible elementor-widget elementor-widget-button\" data-id=\"0da8ebd\" data-element_type=\"widget\" data-e-type=\"widget\" data-settings=\"{&quot;_animation&quot;:&quot;slideInUp&quot;}\" data-widget_type=\"button.default\">\n\t\t\t\t<div class=\"elementor-widget-container\">\n\t\t\t\t\t\t\t\t\t<div class=\"elementor-button-wrapper\">\n\t\t\t\t\t<a class=\"elementor-button elementor-button-link elementor-size-xl\" href=\"https:\/\/www.e-bulb.com\/en\/business\/\">\n\t\t\t\t\t\t<span class=\"elementor-button-content-wrapper\">\n\t\t\t\t\t\t\t\t\t<span class=\"elementor-button-text\">Electronic Manufacturer<\/span>\n\t\t\t\t\t<\/span>\n\t\t\t\t\t<\/a>\n\t\t\t\t<\/div>\n\t\t\t\t\t\t\t\t<\/div>\n\t\t\t\t<\/div>\n\t\t\t\t<div class=\"elementor-element elementor-element-bebc443 elementor-align-center animated-fast elementor-invisible elementor-widget elementor-widget-button\" data-id=\"bebc443\" data-element_type=\"widget\" data-e-type=\"widget\" data-settings=\"{&quot;_animation&quot;:&quot;slideInUp&quot;}\" data-widget_type=\"button.default\">\n\t\t\t\t<div class=\"elementor-widget-container\">\n\t\t\t\t\t\t\t\t\t<div class=\"elementor-button-wrapper\">\n\t\t\t\t\t<a class=\"elementor-button elementor-button-link elementor-size-xl\" href=\"https:\/\/www.e-bulb.com\/en\/media\/\">\n\t\t\t\t\t\t<span class=\"elementor-button-content-wrapper\">\n\t\t\t\t\t\t\t\t\t<span class=\"elementor-button-text\">Media Technology<\/span>\n\t\t\t\t\t<\/span>\n\t\t\t\t\t<\/a>\n\t\t\t\t<\/div>\n\t\t\t\t\t\t\t\t<\/div>\n\t\t\t\t<\/div>\n\t\t\t\t\t<\/div>\n\t\t<\/div>\n\t\t\t\t<div class=\"has_eae_slider elementor-column elementor-col-33 elementor-inner-column elementor-element elementor-element-5819e69\" data-eae-slider=\"22327\" data-id=\"5819e69\" data-element_type=\"column\" data-e-type=\"column\">\n\t\t\t<div class=\"elementor-widget-wrap elementor-element-populated\">\n\t\t\t\t\t\t<div class=\"elementor-element elementor-element-1e3b6cb elementor-hidden-phone elementor-widget elementor-widget-image\" data-id=\"1e3b6cb\" data-element_type=\"widget\" data-e-type=\"widget\" data-widget_type=\"image.default\">\n\t\t\t\t<div class=\"elementor-widget-container\">\n\t\t\t\t\t\t\t\t\t\t\t\t\t\t\t<img decoding=\"async\" width=\"800\" height=\"580\" src=\"https:\/\/www.e-bulb.com\/wp-content\/uploads\/2021\/05\/vorbeugender-brandschutz-e-bulb-porfolio.png\" class=\"attachment-large size-large wp-image-2010\" alt=\"Vorbeugender Brandschutz: E-Bulbs in gro\u00df und klein \u2013 passend f\u00fcr jedes Elektroger\u00e4t\" srcset=\"https:\/\/www.e-bulb.com\/wp-content\/uploads\/2021\/05\/vorbeugender-brandschutz-e-bulb-porfolio.png 1024w, https:\/\/www.e-bulb.com\/wp-content\/uploads\/2021\/05\/vorbeugender-brandschutz-e-bulb-porfolio-300x218.png 300w, https:\/\/www.e-bulb.com\/wp-content\/uploads\/2021\/05\/vorbeugender-brandschutz-e-bulb-porfolio-768x557.png 768w, https:\/\/www.e-bulb.com\/wp-content\/uploads\/2021\/05\/vorbeugender-brandschutz-e-bulb-porfolio-16x12.png 16w\" sizes=\"(max-width: 800px) 100vw, 800px\" \/>\t\t\t\t\t\t\t\t\t\t\t\t\t\t\t<\/div>\n\t\t\t\t<\/div>\n\t\t\t\t\t<\/div>\n\t\t<\/div>\n\t\t\t\t<div data-wts-url=\"https:\/\/www.e-bulb.com\/consumer\" data-wts-link=\"yes\" data-wts-new-window=\"\" class=\"has_eae_slider elementor-column elementor-col-33 elementor-inner-column elementor-element elementor-element-a24c61b ae-link-yes\" data-eae-slider=\"58590\" data-id=\"a24c61b\" data-element_type=\"column\" data-e-type=\"column\">\n\t\t\t<div class=\"elementor-widget-wrap elementor-element-populated\">\n\t\t\t\t\t\t<div class=\"elementor-element elementor-element-7da750a elementor-widget elementor-widget-heading\" data-id=\"7da750a\" data-element_type=\"widget\" data-e-type=\"widget\" data-widget_type=\"heading.default\">\n\t\t\t\t<div class=\"elementor-widget-container\">\n\t\t\t\t\t<h2 class=\"elementor-heading-title elementor-size-default\">B2C \u2013 Private Interest<\/h2>\t\t\t\t<\/div>\n\t\t\t\t<\/div>\n\t\t\t\t<div class=\"elementor-element elementor-element-dc516e3 elementor-align-center animated-fast elementor-invisible elementor-widget elementor-widget-button\" data-id=\"dc516e3\" data-element_type=\"widget\" data-e-type=\"widget\" data-settings=\"{&quot;_animation&quot;:&quot;slideInUp&quot;}\" data-widget_type=\"button.default\">\n\t\t\t\t<div class=\"elementor-widget-container\">\n\t\t\t\t\t\t\t\t\t<div class=\"elementor-button-wrapper\">\n\t\t\t\t\t<a class=\"elementor-button elementor-button-link elementor-size-xl\" href=\"https:\/\/www.e-bulb.com\/en\/consumer\/\">\n\t\t\t\t\t\t<span class=\"elementor-button-content-wrapper\">\n\t\t\t\t\t\t\t\t\t<span class=\"elementor-button-text\">For Consumer<\/span>\n\t\t\t\t\t<\/span>\n\t\t\t\t\t<\/a>\n\t\t\t\t<\/div>\n\t\t\t\t\t\t\t\t<\/div>\n\t\t\t\t<\/div>\n\t\t\t\t\t<\/div>\n\t\t<\/div>\n\t\t\t\t\t<\/div>\n\t\t<\/section>\n\t\t\t\t\t<\/div>\n\t\t<\/div>\n\t\t\t\t\t<\/div>\n\t\t<\/section>\n\t\t\t\t<section class=\"has_eae_slider elementor-section elementor-top-section elementor-element elementor-element-5704537 elementor-section-boxed elementor-section-height-default elementor-section-height-default\" data-eae-slider=\"28108\" data-id=\"5704537\" data-element_type=\"section\" data-e-type=\"section\">\n\t\t\t\t\t\t<div class=\"elementor-container elementor-column-gap-default\">\n\t\t\t\t\t<div class=\"has_eae_slider elementor-column elementor-col-100 elementor-top-column elementor-element elementor-element-dadcb2d\" data-eae-slider=\"37404\" data-id=\"dadcb2d\" data-element_type=\"column\" data-e-type=\"column\">\n\t\t\t<div class=\"elementor-widget-wrap elementor-element-populated\">\n\t\t\t\t\t\t<div class=\"elementor-element elementor-element-691437a elementor-widget elementor-widget-heading\" data-id=\"691437a\" data-element_type=\"widget\" data-e-type=\"widget\" data-widget_type=\"heading.default\">\n\t\t\t\t<div class=\"elementor-widget-container\">\n\t\t\t\t\t<h2 class=\"elementor-heading-title elementor-size-default\">Known from:<\/h2>\t\t\t\t<\/div>\n\t\t\t\t<\/div>\n\t\t\t\t<div class=\"elementor-element elementor-element-0128d5e elementor-skin-carousel elementor-arrows-yes elementor-pagination-type-bullets elementor-pagination-position-outside elementor-widget elementor-widget-media-carousel\" data-id=\"0128d5e\" data-element_type=\"widget\" data-e-type=\"widget\" data-settings=\"{&quot;skin&quot;:&quot;carousel&quot;,&quot;effect&quot;:&quot;slide&quot;,&quot;show_arrows&quot;:&quot;yes&quot;,&quot;pagination&quot;:&quot;bullets&quot;,&quot;speed&quot;:500,&quot;autoplay&quot;:&quot;yes&quot;,&quot;autoplay_speed&quot;:5000,&quot;loop&quot;:&quot;yes&quot;,&quot;pause_on_hover&quot;:&quot;yes&quot;,&quot;pause_on_interaction&quot;:&quot;yes&quot;,&quot;space_between&quot;:{&quot;unit&quot;:&quot;px&quot;,&quot;size&quot;:10,&quot;sizes&quot;:[]},&quot;space_between_tablet&quot;:{&quot;unit&quot;:&quot;px&quot;,&quot;size&quot;:10,&quot;sizes&quot;:[]},&quot;space_between_mobile&quot;:{&quot;unit&quot;:&quot;px&quot;,&quot;size&quot;:10,&quot;sizes&quot;:[]}}\" data-widget_type=\"media-carousel.default\">\n\t\t\t\t<div class=\"elementor-widget-container\">\n\t\t\t\t\t\t\t\t\t<div class=\"elementor-swiper\">\n\t\t\t\t\t<div class=\"elementor-main-swiper swiper\" role=\"region\" aria-roledescription=\"carousel\" aria-label=\"Slider\">\n\t\t\t\t<div class=\"swiper-wrapper\">\n\t\t\t\t\t\t\t\t\t\t\t<div class=\"swiper-slide\" role=\"group\" aria-roledescription=\"slide\">\n\t\t\t\t\t\t\t<a href=\"https:\/\/youtu.be\/dGE3VIFrmvM\" target=\"_blank\" rel=\"noopener\">\t\t<div class=\"elementor-carousel-image\" role=\"img\" aria-label=\"MDR Sendung Einfach genial\" style=\"background-image: url(&#039;https:\/\/www.e-bulb.com\/wp-content\/uploads\/2022\/01\/Einfach-genial.webp&#039;)\">\n\n\t\t\t\n\t\t\t\t\t<\/div>\n\t\t<\/a>\t\t\t\t\t\t<\/div>\n\t\t\t\t\t\t\t\t\t\t\t<div class=\"swiper-slide\" role=\"group\" aria-roledescription=\"slide\">\n\t\t\t\t\t\t\t<a href=\"https:\/\/www.ardmediathek.de\/video\/sag-die-wahrheit\/burgherrin-historisches-gemuese-und-mini-mini\/swr\/Y3JpZDovL3N3ci5kZS9hZXgvbzE2MjQ1ODE\" target=\"_blank\" rel=\"noopener\">\t\t<div class=\"elementor-carousel-image\" role=\"img\" aria-label=\"S\u00dcDWESTRUNDFUNKSag die Wahrheit - Die SWR-RateshowEine Koproduktion des SWR, SR und Grundy Light.Ratespiel mit Spa\u00df und Schwindel, mit Michael Antwerpes, jeweils montags um 22:00 Uhr im SWR Fernsehen. Logo.\u00a9 SWR, honorarfrei - Verwendung gem\u00e4\u00df der AGB im engen inhaltlichen, redaktionellen Zusammenhang mit genannter SWR-Sendung und bei Nennung &quot;Bild: SWR&quot; (S2+). SWR-Pressestelle\/Fotoredaktion, Baden-Baden, Tel: 07221\/929-22287, Fax: -929-22059, foto@swr.de\" style=\"background-image: url(&#039;https:\/\/www.e-bulb.com\/wp-content\/uploads\/2022\/03\/Sag-die-Wahrheit-Logo.png&#039;)\">\n\n\t\t\t\n\t\t\t\t\t<\/div>\n\t\t<\/a>\t\t\t\t\t\t<\/div>\n\t\t\t\t\t\t\t\t\t\t\t<div class=\"swiper-slide\" role=\"group\" aria-roledescription=\"slide\">\n\t\t\t\t\t\t\t<a href=\"https:\/\/www.ndr.de\/fernsehen\/sendungen\/schleswig-holstein_magazin\/Schleswig-Holstein-Magazin,sendung1130470.html\" target=\"_blank\" rel=\"noopener\">\t\t<div class=\"elementor-carousel-image\" role=\"img\" aria-label=\"NDR_Logo-E-Bulb-01\" style=\"background-image: url(&#039;https:\/\/www.e-bulb.com\/wp-content\/uploads\/2021\/07\/NDR_Logo-E-Bulb-01.png&#039;)\">\n\n\t\t\t\n\t\t\t\t\t<\/div>\n\t\t<\/a>\t\t\t\t\t\t<\/div>\n\t\t\t\t\t\t\t\t\t\t\t<div class=\"swiper-slide\" role=\"group\" aria-roledescription=\"slide\">\n\t\t\t\t\t\t\t<a href=\"https:\/\/www.e-bulb.com\/wp-content\/uploads\/2021\/06\/e-bulb-RTL.png\" data-elementor-open-lightbox=\"yes\" data-elementor-lightbox-slideshow=\"0128d5e\" data-elementor-lightbox-title=\"Die E-Bulb bei RTL\" data-e-action-hash=\"#elementor-action%3Aaction%3Dlightbox%26settings%3DeyJpZCI6MjQ5OCwidXJsIjoiaHR0cHM6XC9cL3d3dy5lLWJ1bGIuY29tXC93cC1jb250ZW50XC91cGxvYWRzXC8yMDIxXC8wNlwvZS1idWxiLVJUTC5wbmciLCJzbGlkZXNob3ciOiIwMTI4ZDVlIn0%3D\" data-elementor-lightbox-video=\"\">\t\t<div class=\"elementor-carousel-image\" role=\"img\" aria-label=\"Report on German TV channel RTL\" style=\"background-image: url(&#039;https:\/\/www.e-bulb.com\/wp-content\/uploads\/2021\/06\/e-bulb-RTL.png&#039;)\">\n\n\t\t\t\n\t\t\t\t\t\t\t<div class=\"elementor-custom-embed-play\">\n\t\t\t\t\t<i aria-hidden=\"true\" class=\"eicon-play\"><\/i>\t\t\t\t\t<span class=\"elementor-screen-only\">Play<\/span>\n\t\t\t\t<\/div>\n\t\t\t\t\t<\/div>\n\t\t<\/a>\t\t\t\t\t\t<\/div>\n\t\t\t\t\t\t\t\t\t\t\t<div class=\"swiper-slide\" role=\"group\" aria-roledescription=\"slide\">\n\t\t\t\t\t\t\t<a href=\"https:\/\/www.ikiosk.de\/shop\/epaper\/auto-bild\/1053548.html\" target=\"_blank\" rel=\"noopener\">\t\t<div class=\"elementor-carousel-image\" role=\"img\" aria-label=\"Kleinster Feuerl\u00f6scher der Welt in Auto Bild Ausgabe 19-2022\" style=\"background-image: url(&#039;https:\/\/www.e-bulb.com\/wp-content\/uploads\/2022\/05\/Autobild_Newsletter.jpg&#039;)\">\n\n\t\t\t\n\t\t\t\t\t<\/div>\n\t\t<\/a>\t\t\t\t\t\t<\/div>\n\t\t\t\t\t\t\t\t\t\t\t<div class=\"swiper-slide\" role=\"group\" aria-roledescription=\"slide\">\n\t\t\t\t\t\t\t<a href=\"https:\/\/www.wiwo.de\/unternehmen\/mittelstand\/ungewoehnlicher-exportschlager-kommt-jetzt-der-sich-selbst-loeschende-fernseher\/28833202.html\" target=\"_blank\" rel=\"noopener\">\t\t<div class=\"elementor-carousel-image\" role=\"img\" aria-label=\"WirtschaftsWoche reports about E-Bulb integration in WALTON television\" style=\"background-image: url(&#039;https:\/\/www.e-bulb.com\/wp-content\/uploads\/2022\/12\/WiWo.png&#039;)\">\n\n\t\t\t\n\t\t\t\t\t<\/div>\n\t\t<\/a>\t\t\t\t\t\t<\/div>\n\t\t\t\t\t\t\t\t\t<\/div>\n\t\t\t\t\t\t\t\t\t\t\t\t\t\t\t<div class=\"elementor-swiper-button elementor-swiper-button-prev\" role=\"button\" tabindex=\"0\" aria-label=\"Previous\">\n\t\t\t\t\t\t\t<i aria-hidden=\"true\" class=\"eicon-chevron-left\"><\/i>\t\t\t\t\t\t<\/div>\n\t\t\t\t\t\t<div class=\"elementor-swiper-button elementor-swiper-button-next\" role=\"button\" tabindex=\"0\" aria-label=\"Next\">\n\t\t\t\t\t\t\t<i aria-hidden=\"true\" class=\"eicon-chevron-right\"><\/i>\t\t\t\t\t\t<\/div>\n\t\t\t\t\t\t\t\t\t\t\t\t\t\t\t\t<div class=\"swiper-pagination\"><\/div>\n\t\t\t\t\t\t\t\t\t\t\t\t<\/div>\n\t\t\t\t<\/div>\n\t\t\t\t\t\t\t\t<\/div>\n\t\t\t\t<\/div>\n\t\t\t\t\t<\/div>\n\t\t<\/div>\n\t\t\t\t\t<\/div>\n\t\t<\/section>\n\t\t\t\t<\/div>","protected":false},"excerpt":{"rendered":"<p>E-BulbMini-Feuerl\u00f6scher &amp; kleinster Feuerl\u00f6scher der Welt Rund 30% aller Br\u00e4nde entstehen aufgrund von Elektrizit\u00e4t, viele davon in Elektroger\u00e4ten. Die E-Bulb kann von Herstellern direkt in die Elektronik verbaut werden und sch\u00fctzt sie vor Sch\u00e4den, wenn es sonst eigentlich schon zu sp\u00e4t w\u00e4re. Was ist E-Bulb? Die E-Bulb ist eine feuerl\u00f6schende Sicherung und kann direkt in [&hellip;]<\/p>\n","protected":false},"author":1,"featured_media":0,"parent":0,"menu_order":0,"comment_status":"closed","ping_status":"closed","template":"","meta":{"footnotes":""},"class_list":["post-1348","page","type-page","status-publish","hentry"],"_links":{"self":[{"href":"https:\/\/www.e-bulb.com\/en\/wp-json\/wp\/v2\/pages\/1348","targetHints":{"allow":["GET"]}}],"collection":[{"href":"https:\/\/www.e-bulb.com\/en\/wp-json\/wp\/v2\/pages"}],"about":[{"href":"https:\/\/www.e-bulb.com\/en\/wp-json\/wp\/v2\/types\/page"}],"author":[{"embeddable":true,"href":"https:\/\/www.e-bulb.com\/en\/wp-json\/wp\/v2\/users\/1"}],"replies":[{"embeddable":true,"href":"https:\/\/www.e-bulb.com\/en\/wp-json\/wp\/v2\/comments?post=1348"}],"version-history":[{"count":222,"href":"https:\/\/www.e-bulb.com\/en\/wp-json\/wp\/v2\/pages\/1348\/revisions"}],"predecessor-version":[{"id":4669,"href":"https:\/\/www.e-bulb.com\/en\/wp-json\/wp\/v2\/pages\/1348\/revisions\/4669"}],"wp:attachment":[{"href":"https:\/\/www.e-bulb.com\/en\/wp-json\/wp\/v2\/media?parent=1348"}],"curies":[{"name":"wp","href":"https:\/\/api.w.org\/{rel}","templated":true}]}}