{"id":4184,"date":"2023-05-03T07:20:25","date_gmt":"2023-05-03T07:20:25","guid":{"rendered":"https:\/\/www.e-bulb.com\/?page_id=4184"},"modified":"2023-05-03T07:21:28","modified_gmt":"2023-05-03T07:21:28","slug":"impressum","status":"publish","type":"page","link":"https:\/\/www.e-bulb.com\/en\/impressum","title":{"rendered":"Imprint"},"content":{"rendered":"<div data-elementor-type=\"wp-page\" data-elementor-id=\"4184\" class=\"elementor elementor-4184\" data-elementor-post-type=\"page\">\n\t\t\t\t\t\t<section class=\"has_eae_slider elementor-section elementor-top-section elementor-element elementor-element-03e5901 elementor-section-boxed elementor-section-height-default elementor-section-height-default\" data-eae-slider=\"4203\" data-id=\"03e5901\" data-element_type=\"section\" data-e-type=\"section\">\n\t\t\t\t\t\t<div class=\"elementor-container elementor-column-gap-default\">\n\t\t\t\t\t<div class=\"has_eae_slider elementor-column elementor-col-100 elementor-top-column elementor-element elementor-element-9190b46\" data-eae-slider=\"91049\" data-id=\"9190b46\" data-element_type=\"column\" data-e-type=\"column\">\n\t\t\t<div class=\"elementor-widget-wrap elementor-element-populated\">\n\t\t\t\t\t\t<div class=\"elementor-element elementor-element-5e9d776 elementor-widget elementor-widget-text-editor\" data-id=\"5e9d776\" data-element_type=\"widget\" data-e-type=\"widget\" data-widget_type=\"text-editor.default\">\n\t\t\t\t<div class=\"elementor-widget-container\">\n\t\t\t\t\t\t\t\t\t<div style=\"margin: 30px 0px; color: rgb(51, 51, 51); font-family: &quot;Source Sans Pro&quot;, sans-serif; font-size: 18px;\"><div style=\"padding-right: 15px; padding-left: 15px; margin-right: auto; margin-left: auto; width: 1170px;\"><div><header style=\"border-bottom: 1px solid rgb(246, 246, 246);\"><h1 style=\"font-size: 42px; margin: 0px 0px 30px; line-height: 1.1;\"><span style=\"font-weight: 700; font-size: 18px;\">JOB GmbH<\/span><br><\/h1><\/header><\/div><\/div><\/div><div style=\"margin: 30px 0px; color: rgb(51, 51, 51); font-family: &quot;Source Sans Pro&quot;, sans-serif; font-size: 18px;\"><div style=\"padding-right: 15px; padding-left: 15px; margin-right: auto; margin-left: auto; width: 1170px;\"><div style=\"overflow: hidden;\"><div style=\"overflow: hidden;\"><p style=\"margin-right: 0px; margin-bottom: 30px; margin-left: 0px;\">Kurt-Fischer-Strasse 30<br>22926 Ahrensburg<br>Germany<\/p><p style=\"margin-right: 0px; margin-bottom: 30px; margin-left: 0px;\">Telephone: +49 (4102) 2114 \u2013 0<br>Fax: +49 (4102) 2114 &#8211; 70<br>Email:&nbsp;<a style=\"color: rgb(193, 30, 37);\">info(at)job-group.com<\/a><br>Internet:&nbsp;<a href=\"http:\/\/www.job-group.com\/\" target=\"_blank\" style=\"color: rgb(193, 30, 37);\" rel=\"noopener\">www.job-group.com<\/a><\/p><p style=\"margin-right: 0px; margin-bottom: 30px; margin-left: 0px;\">Managing Director: Bodo M\u00fcller<\/p><p style=\"margin-right: 0px; margin-bottom: 30px; margin-left: 0px;\">Amtsgericht L\u00fcbeck: HRB 3006 AH<br>USt-IdNr.: DE 811348409<\/p><\/div><\/div><\/div><\/div><div style=\"margin: 30px 0px; color: rgb(51, 51, 51); font-family: &quot;Source Sans Pro&quot;, sans-serif; font-size: 18px;\"><div style=\"padding-right: 15px; padding-left: 15px; margin-right: auto; margin-left: auto; width: 1170px;\"><div><a style=\"color: rgb(193, 30, 37);\"><\/a><header><h3 style=\"line-height: 1.1; margin-top: 0px; margin-bottom: 10px; font-size: 24px;\">Photo Credits<\/h3><\/header><div style=\"overflow: hidden;\"><div style=\"clear: both;\"><p style=\"margin-right: 0px; margin-bottom: 30px; margin-left: 0px;\">The images used on this websites belong to the owner or are Stock photos.<\/p><p style=\"margin-right: 0px; margin-bottom: 30px; margin-left: 0px;\">&nbsp;<\/p><\/div><\/div><\/div><\/div><\/div>\t\t\t\t\t\t\t\t<\/div>\n\t\t\t\t<\/div>\n\t\t\t\t\t<\/div>\n\t\t<\/div>\n\t\t\t\t\t<\/div>\n\t\t<\/section>\n\t\t\t\t<\/div>","protected":false},"excerpt":{"rendered":"<p>JOB GmbH Kurt-Fischer-Stra\u00dfe 3022926 AhrensburgGermany Telefon: +49 (4102) 2114 &#8211; 0Fax: +49 (4102) 2114 &#8211; 70Email:&nbsp;info(at)job-group.comInternet:&nbsp;www.job-group.com Managing Director: Bodo M\u00fcller Amtsgericht L\u00fcbeck: HRB 3006 AHUSt-IdNr.: DE 811348409 Fotonachweis Die auf der Webseiten verwendeten Bilder geh\u00f6ren dem Eigent\u00fcmer oder sind Stockphotos. &nbsp;<\/p>","protected":false},"author":1,"featured_media":0,"parent":0,"menu_order":0,"comment_status":"closed","ping_status":"closed","template":"","meta":{"footnotes":""},"class_list":["post-4184","page","type-page","status-publish","hentry"],"_links":{"self":[{"href":"https:\/\/www.e-bulb.com\/en\/wp-json\/wp\/v2\/pages\/4184","targetHints":{"allow":["GET"]}}],"collection":[{"href":"https:\/\/www.e-bulb.com\/en\/wp-json\/wp\/v2\/pages"}],"about":[{"href":"https:\/\/www.e-bulb.com\/en\/wp-json\/wp\/v2\/types\/page"}],"author":[{"embeddable":true,"href":"https:\/\/www.e-bulb.com\/en\/wp-json\/wp\/v2\/users\/1"}],"replies":[{"embeddable":true,"href":"https:\/\/www.e-bulb.com\/en\/wp-json\/wp\/v2\/comments?post=4184"}],"version-history":[{"count":3,"href":"https:\/\/www.e-bulb.com\/en\/wp-json\/wp\/v2\/pages\/4184\/revisions"}],"predecessor-version":[{"id":4187,"href":"https:\/\/www.e-bulb.com\/en\/wp-json\/wp\/v2\/pages\/4184\/revisions\/4187"}],"wp:attachment":[{"href":"https:\/\/www.e-bulb.com\/en\/wp-json\/wp\/v2\/media?parent=4184"}],"curies":[{"name":"wp","href":"https:\/\/api.w.org\/{rel}","templated":true}]}}